{"id":342,"date":"2026-01-16T16:04:28","date_gmt":"2026-01-16T16:04:28","guid":{"rendered":"https:\/\/noagendamedia.io\/?page_id=342"},"modified":"2026-02-27T01:10:48","modified_gmt":"2026-02-27T01:10:48","slug":"inicio","status":"publish","type":"page","link":"https:\/\/noagendamedia.io\/en\/","title":{"rendered":"NOAGENDA MEDIA"},"content":{"rendered":"<h2 class=\"wp-block-heading has-text-align-center\">PRESALE \/ PREVENTA<\/h2>\n\n\n\n<p><\/p>\n\n\n\n<p class=\"has-text-align-center has-border-color has-background\" style=\"border-color:#111111;border-width:17px;border-top-left-radius:16px;border-top-right-radius:16px;border-bottom-left-radius:16px;border-bottom-right-radius:16px;background-color:#f5cff5;margin-right:var(--wp--preset--spacing--40);margin-left:var(--wp--preset--spacing--40)\"><strong><a href=\"https:\/\/www.pinksale.finance\/launchpad\/bsc\/0xA3bF59FE9f427063CbE4511e18285C9Be16CC870\">$NOAGENDA PinkSale Launchpad \ud83d\ude80<\/a><\/strong><\/p>\n\n\n\n<p><\/p>\n\n\n\n<figure class=\"wp-block-image aligncenter size-full\"><a href=\"https:\/\/blocksafu.com\/audit\/0xE0470BA63B2847f9A04Ae8b4253b2f44943d0648\"><img loading=\"lazy\" decoding=\"async\" width=\"570\" height=\"178\" src=\"https:\/\/noagendamedia.io\/wp-content\/uploads\/2026\/02\/1000019533.png\" alt=\"\" class=\"wp-image-446\" srcset=\"https:\/\/noagendamedia.io\/wp-content\/uploads\/2026\/02\/1000019533.png 570w, https:\/\/noagendamedia.io\/wp-content\/uploads\/2026\/02\/1000019533-300x94.png 300w, https:\/\/noagendamedia.io\/wp-content\/uploads\/2026\/02\/1000019533-18x6.png 18w\" sizes=\"auto, (max-width: 570px) 100vw, 570px\" \/><\/a><\/figure>\n\n\n\n<p class=\"has-text-align-center\"><a href=\"https:\/\/blocksafu.com\/audit\/0xE0470BA63B2847f9A04Ae8b4253b2f44943d0648\">Token $NOAGENDA \ud83d\udcc3 <\/a><\/p>\n\n\n\n<p class=\"has-text-align-center\"><a href=\"https:\/\/blocksafu.com\/audit\/0x2a9D0D70a52FE942076C9471Dff57bFa1BF63007\">Vault Smart Contract \ud83d\udcc3<\/a><\/p>\n\n\n\t\t<div class=\"wppsac-wrap wppsac-slick-slider-wrp wppsac-clearfix\" data-conf=\"{&quot;dots&quot;:&quot;true&quot;,&quot;arrows&quot;:&quot;true&quot;,&quot;autoplay&quot;:&quot;true&quot;,&quot;autoplay_interval&quot;:3000,&quot;speed&quot;:500,&quot;rtl&quot;:&quot;false&quot;,&quot;lazyload&quot;:&quot;&quot;}\">\r\n\t\t\t<div id=\"wppsac-post-slider-1\" class=\"wppsac-post-slider-init wppsac-post-slider design-1\">\r\n\t\t\t\t<div class=\"wppsac-post-slides\">\r\n\t<div class=\"wppsac-post-content-position\">\r\n\t\t<div class=\"wppsac-post-content-left wp-medium-8 wpcolumns\">\r\n\t\t\t\t\t\t<div class=\"wppsac-post-categories\"><ul class=\"wppsac-post-categories-list\"><li><a href=\"https:\/\/noagendamedia.io\/en\/category\/todas\/ciencia-es\/\">SCIENCE<\/a><\/li><\/ul><\/div>\r\n\t\t\t\r\n\t\t\t<h2 class=\"wppsac-post-title\">\r\n\t\t\t\t<a href=\"https:\/\/noagendamedia.io\/en\/2026\/03\/07\/como-el-sars-cov-2-se-mineraliza-y-se-convierte-en-nanobot\/\">C\u00d3MO EL SARS COV 2 SE MINERALIZA Y SE CONVIERTE EN NANOBOT<\/a>\r\n\t\t\t<\/h2>\r\n\r\n\t\t\t\t\t\t<div class=\"wppsac-post-date\">\r\n\t\t\t\t\t\t\t\t\t<span>By Jack Noagenda<\/span>\r\n\t\t\t\t \/ March 7, 2026\t\t\t<\/div>\r\n\t\t\t\t\t\t<div class=\"wppsac-post-content\">\r\n\t\t\t\t<div class=\"wppsac-sub-content\">C\u00d3MO EL SARS COV 2 SE MINERALIZA Y SE CONVIERTE EN NANOBOT \"Biomineralization State of Viruses and Their Biological Potential\"...<\/div>\r\n\t\t\t\t\r\n\t\t\t\t\t\t\t\t<a class=\"wppsac-readmorebtn\" href=\"https:\/\/noagendamedia.io\/en\/2026\/03\/07\/como-el-sars-cov-2-se-mineraliza-y-se-convierte-en-nanobot\/\">Read More<\/a>\r\n\t\t\t\t\t\t\t<\/div>\r\n\t\t\t\t\t<\/div>\r\n\t\t<div class=\"wppsac-post-image-bg\">\r\n\t\t\t<a href=\"https:\/\/noagendamedia.io\/en\/2026\/03\/07\/como-el-sars-cov-2-se-mineraliza-y-se-convierte-en-nanobot\/\">\r\n\t\t\t\t\t\t\t\t<img decoding=\"async\" class=\"wppsac-post-image\"  src=\"https:\/\/noagendamedia.io\/wp-content\/uploads\/2026\/03\/1000019903.png\" alt=\"C\u00d3MO EL SARS COV 2 SE MINERALIZA Y SE CONVIERTE EN NANOBOT\" \/>\r\n\t\t\t\t\t\t\t<\/a>\r\n\t\t<\/div>\r\n\t<\/div>\r\n<\/div><div class=\"wppsac-post-slides\">\r\n\t<div class=\"wppsac-post-content-position\">\r\n\t\t<div class=\"wppsac-post-content-left wp-medium-8 wpcolumns\">\r\n\t\t\t\t\t\t<div class=\"wppsac-post-categories\"><ul class=\"wppsac-post-categories-list\"><li><a href=\"https:\/\/noagendamedia.io\/en\/category\/todas\/ciencia-es\/\">SCIENCE<\/a><\/li><\/ul><\/div>\r\n\t\t\t\r\n\t\t\t<h2 class=\"wppsac-post-title\">\r\n\t\t\t\t<a href=\"https:\/\/noagendamedia.io\/en\/2026\/02\/24\/de-los-chemtrails-al-covid-parte-1-cielos-de-plata\/\">DE LOS CHEMTRAILS AL COVID &#8211; PARTE 1: CIELOS DE PLATA.<\/a>\r\n\t\t\t<\/h2>\r\n\r\n\t\t\t\t\t\t<div class=\"wppsac-post-date\">\r\n\t\t\t\t\t\t\t\t\t<span>By Jack Noagenda<\/span>\r\n\t\t\t\t \/ February 24, 2026\t\t\t<\/div>\r\n\t\t\t\t\t\t<div class=\"wppsac-post-content\">\r\n\t\t\t\t<div class=\"wppsac-sub-content\">FROM CHEMTRAILS TO COVID (Download English PDF) Descargo de Responsabilidad y Marco Metodol\u00f3gico. \u200bNaturaleza del Estudio: Este documento es el...<\/div>\r\n\t\t\t\t\r\n\t\t\t\t\t\t\t\t<a class=\"wppsac-readmorebtn\" href=\"https:\/\/noagendamedia.io\/en\/2026\/02\/24\/de-los-chemtrails-al-covid-parte-1-cielos-de-plata\/\">Read More<\/a>\r\n\t\t\t\t\t\t\t<\/div>\r\n\t\t\t\t\t<\/div>\r\n\t\t<div class=\"wppsac-post-image-bg\">\r\n\t\t\t<a href=\"https:\/\/noagendamedia.io\/en\/2026\/02\/24\/de-los-chemtrails-al-covid-parte-1-cielos-de-plata\/\">\r\n\t\t\t\t\t\t\t\t<img decoding=\"async\" class=\"wppsac-post-image\"  src=\"https:\/\/noagendamedia.io\/wp-content\/uploads\/2026\/02\/1000018521-2.png\" alt=\"DE LOS CHEMTRAILS AL COVID &#8211; PARTE 1: CIELOS DE PLATA.\" \/>\r\n\t\t\t\t\t\t\t<\/a>\r\n\t\t<\/div>\r\n\t<\/div>\r\n<\/div><div class=\"wppsac-post-slides\">\r\n\t<div class=\"wppsac-post-content-position\">\r\n\t\t<div class=\"wppsac-post-content-left wp-medium-8 wpcolumns\">\r\n\t\t\t\t\t\t<div class=\"wppsac-post-categories\"><ul class=\"wppsac-post-categories-list\"><li><a href=\"https:\/\/noagendamedia.io\/en\/category\/todas\/ciencia-es\/\">SCIENCE<\/a><\/li><\/ul><\/div>\r\n\t\t\t\r\n\t\t\t<h2 class=\"wppsac-post-title\">\r\n\t\t\t\t<a href=\"https:\/\/noagendamedia.io\/en\/2026\/02\/24\/de-los-chemtrails-al-covid-parte-2-covid\/\">DE LOS CHEMTRAILS AL COVID &#8211; PARTE 2: COVID<\/a>\r\n\t\t\t<\/h2>\r\n\r\n\t\t\t\t\t\t<div class=\"wppsac-post-date\">\r\n\t\t\t\t\t\t\t\t\t<span>By Jack Noagenda<\/span>\r\n\t\t\t\t \/ February 24, 2026\t\t\t<\/div>\r\n\t\t\t\t\t\t<div class=\"wppsac-post-content\">\r\n\t\t\t\t<div class=\"wppsac-sub-content\">\u00a0 Investigando los materiales usados en agricultura, y sus efectos nocivos para la salud, resulta inevitable ver las similitudes con...<\/div>\r\n\t\t\t\t\r\n\t\t\t\t\t\t\t\t<a class=\"wppsac-readmorebtn\" href=\"https:\/\/noagendamedia.io\/en\/2026\/02\/24\/de-los-chemtrails-al-covid-parte-2-covid\/\">Read More<\/a>\r\n\t\t\t\t\t\t\t<\/div>\r\n\t\t\t\t\t<\/div>\r\n\t\t<div class=\"wppsac-post-image-bg\">\r\n\t\t\t<a href=\"https:\/\/noagendamedia.io\/en\/2026\/02\/24\/de-los-chemtrails-al-covid-parte-2-covid\/\">\r\n\t\t\t\t\t\t\t\t<img decoding=\"async\" class=\"wppsac-post-image\"  src=\"https:\/\/noagendamedia.io\/wp-content\/uploads\/2026\/02\/1000019188-1.png\" alt=\"DE LOS CHEMTRAILS AL COVID &#8211; PARTE 2: COVID\" \/>\r\n\t\t\t\t\t\t\t<\/a>\r\n\t\t<\/div>\r\n\t<\/div>\r\n<\/div><div class=\"wppsac-post-slides\">\r\n\t<div class=\"wppsac-post-content-position\">\r\n\t\t<div class=\"wppsac-post-content-left wp-medium-8 wpcolumns\">\r\n\t\t\t\t\t\t<div class=\"wppsac-post-categories\"><ul class=\"wppsac-post-categories-list\"><li><a href=\"https:\/\/noagendamedia.io\/en\/category\/token\/\">TOKEN<\/a><\/li><\/ul><\/div>\r\n\t\t\t\r\n\t\t\t<h2 class=\"wppsac-post-title\">\r\n\t\t\t\t<a href=\"https:\/\/noagendamedia.io\/en\/2026\/01\/16\/noagenda-white-paper\/\">$NOAGENDA WHITE PAPER<\/a>\r\n\t\t\t<\/h2>\r\n\r\n\t\t\t\t\t\t<div class=\"wppsac-post-date\">\r\n\t\t\t\t\t\t\t\t\t<span>By Jack Noagenda<\/span>\r\n\t\t\t\t \/ January 16, 2026\t\t\t<\/div>\r\n\t\t\t\t\t\t<div class=\"wppsac-post-content\">\r\n\t\t\t\t<div class=\"wppsac-sub-content\">DESCARGA VERSI\u00d3N ESPA\u00d1OLA WhitePaperSpanish DOWNLOAD ENGLISH VERSION WhitePaperEnglish<\/div>\r\n\t\t\t\t\r\n\t\t\t\t\t\t\t\t<a class=\"wppsac-readmorebtn\" href=\"https:\/\/noagendamedia.io\/en\/2026\/01\/16\/noagenda-white-paper\/\">Read More<\/a>\r\n\t\t\t\t\t\t\t<\/div>\r\n\t\t\t\t\t<\/div>\r\n\t\t<div class=\"wppsac-post-image-bg\">\r\n\t\t\t<a href=\"https:\/\/noagendamedia.io\/en\/2026\/01\/16\/noagenda-white-paper\/\">\r\n\t\t\t\t\t\t\t\t<img decoding=\"async\" class=\"wppsac-post-image\"  src=\"https:\/\/noagendamedia.io\/wp-content\/uploads\/2026\/01\/NoAgendaCoinLogo-1.png\" alt=\"$NOAGENDA WHITE PAPER\" \/>\r\n\t\t\t\t\t\t\t<\/a>\r\n\t\t<\/div>\r\n\t<\/div>\r\n<\/div><div class=\"wppsac-post-slides\">\r\n\t<div class=\"wppsac-post-content-position\">\r\n\t\t<div class=\"wppsac-post-content-left wp-medium-8 wpcolumns\">\r\n\t\t\t\t\t\t<div class=\"wppsac-post-categories\"><ul class=\"wppsac-post-categories-list\"><li><a href=\"https:\/\/noagendamedia.io\/en\/category\/token\/\">TOKEN<\/a><\/li><\/ul><\/div>\r\n\t\t\t\r\n\t\t\t<h2 class=\"wppsac-post-title\">\r\n\t\t\t\t<a href=\"https:\/\/noagendamedia.io\/en\/2026\/01\/12\/noagenda-token\/\">$NOAGENDA TOKEN<\/a>\r\n\t\t\t<\/h2>\r\n\r\n\t\t\t\t\t\t<div class=\"wppsac-post-date\">\r\n\t\t\t\t\t\t\t\t\t<span>By Jack Noagenda<\/span>\r\n\t\t\t\t \/ January 12, 2026\t\t\t<\/div>\r\n\t\t\t\t\t\t<div class=\"wppsac-post-content\">\r\n\t\t\t\t<div class=\"wppsac-sub-content\">$NOAGENDA es un token omnichain OFT, dise\u00f1ado para ser desplegado en distintas redes manteniendo el suministro total de 1.000.000.000 $NOAGENDA....<\/div>\r\n\t\t\t\t\r\n\t\t\t\t\t\t\t\t<a class=\"wppsac-readmorebtn\" href=\"https:\/\/noagendamedia.io\/en\/2026\/01\/12\/noagenda-token\/\">Read More<\/a>\r\n\t\t\t\t\t\t\t<\/div>\r\n\t\t\t\t\t<\/div>\r\n\t\t<div class=\"wppsac-post-image-bg\">\r\n\t\t\t<a href=\"https:\/\/noagendamedia.io\/en\/2026\/01\/12\/noagenda-token\/\">\r\n\t\t\t\t\t\t\t\t<img decoding=\"async\" class=\"wppsac-post-image\"  src=\"https:\/\/noagendamedia.io\/wp-content\/uploads\/2026\/01\/1000017729.png\" alt=\"$NOAGENDA TOKEN\" \/>\r\n\t\t\t\t\t\t\t<\/a>\r\n\t\t<\/div>\r\n\t<\/div>\r\n<\/div><div class=\"wppsac-post-slides\">\r\n\t<div class=\"wppsac-post-content-position\">\r\n\t\t<div class=\"wppsac-post-content-left wp-medium-8 wpcolumns\">\r\n\t\t\t\t\t\t<div class=\"wppsac-post-categories\"><ul class=\"wppsac-post-categories-list\"><li><a href=\"https:\/\/noagendamedia.io\/en\/category\/todas\/politica-es\/\">GEOSTRATEGY<\/a><\/li><\/ul><\/div>\r\n\t\t\t\r\n\t\t\t<h2 class=\"wppsac-post-title\">\r\n\t\t\t\t<a href=\"https:\/\/noagendamedia.io\/en\/2026\/01\/10\/geoestrategia-y-poder\/\">GEOSTRATEGY AND POWER<\/a>\r\n\t\t\t<\/h2>\r\n\r\n\t\t\t\t\t\t<div class=\"wppsac-post-date\">\r\n\t\t\t\t\t\t\t\t\t<span>By Jack Noagenda<\/span>\r\n\t\t\t\t \/ January 10, 2026\t\t\t<\/div>\r\n\t\t\t\t\t\t<div class=\"wppsac-post-content\">\r\n\t\t\t\t<div class=\"wppsac-sub-content\">El tablero mundial se mueve hacia un modelo de control total. En esta secci\u00f3n desgranamos las decisiones que los grandes...<\/div>\r\n\t\t\t\t\r\n\t\t\t\t\t\t\t\t<a class=\"wppsac-readmorebtn\" href=\"https:\/\/noagendamedia.io\/en\/2026\/01\/10\/geoestrategia-y-poder\/\">Read More<\/a>\r\n\t\t\t\t\t\t\t<\/div>\r\n\t\t\t\t\t<\/div>\r\n\t\t<div class=\"wppsac-post-image-bg\">\r\n\t\t\t<a href=\"https:\/\/noagendamedia.io\/en\/2026\/01\/10\/geoestrategia-y-poder\/\">\r\n\t\t\t\t\t\t\t\t<img decoding=\"async\" class=\"wppsac-post-image\"  src=\"https:\/\/noagendamedia.io\/wp-content\/uploads\/2026\/01\/1000017810.png\" alt=\"GEOESTRATEGIA Y PODER\" \/>\r\n\t\t\t\t\t\t\t<\/a>\r\n\t\t<\/div>\r\n\t<\/div>\r\n<\/div><div class=\"wppsac-post-slides\">\r\n\t<div class=\"wppsac-post-content-position\">\r\n\t\t<div class=\"wppsac-post-content-left wp-medium-8 wpcolumns\">\r\n\t\t\t\t\t\t<div class=\"wppsac-post-categories\"><ul class=\"wppsac-post-categories-list\"><li><a href=\"https:\/\/noagendamedia.io\/en\/category\/todas\/periodismo-es\/\">SOCIAL ENGINEERING<\/a><\/li><\/ul><\/div>\r\n\t\t\t\r\n\t\t\t<h2 class=\"wppsac-post-title\">\r\n\t\t\t\t<a href=\"https:\/\/noagendamedia.io\/en\/2026\/01\/10\/ingenieria-social\/\">SOCIAL ENGINEERING<\/a>\r\n\t\t\t<\/h2>\r\n\r\n\t\t\t\t\t\t<div class=\"wppsac-post-date\">\r\n\t\t\t\t\t\t\t\t\t<span>By Jack Noagenda<\/span>\r\n\t\t\t\t \/ January 10, 2026\t\t\t<\/div>\r\n\t\t\t\t\t\t<div class=\"wppsac-post-content\">\r\n\t\t\t\t<div class=\"wppsac-sub-content\">Los medios tradicionales no informan, programan cerebros. En esta categor\u00eda diseccionamos las narrativas oficiales para entender c\u00f3mo se construye la...<\/div>\r\n\t\t\t\t\r\n\t\t\t\t\t\t\t\t<a class=\"wppsac-readmorebtn\" href=\"https:\/\/noagendamedia.io\/en\/2026\/01\/10\/ingenieria-social\/\">Read More<\/a>\r\n\t\t\t\t\t\t\t<\/div>\r\n\t\t\t\t\t<\/div>\r\n\t\t<div class=\"wppsac-post-image-bg\">\r\n\t\t\t<a href=\"https:\/\/noagendamedia.io\/en\/2026\/01\/10\/ingenieria-social\/\">\r\n\t\t\t\t\t\t\t\t<img decoding=\"async\" class=\"wppsac-post-image\"  src=\"https:\/\/noagendamedia.io\/wp-content\/uploads\/2026\/01\/1000017812.png\" alt=\"INGENIER\u00cdA SOCIAL\" \/>\r\n\t\t\t\t\t\t\t<\/a>\r\n\t\t<\/div>\r\n\t<\/div>\r\n<\/div><div class=\"wppsac-post-slides\">\r\n\t<div class=\"wppsac-post-content-position\">\r\n\t\t<div class=\"wppsac-post-content-left wp-medium-8 wpcolumns\">\r\n\t\t\t\t\t\t<div class=\"wppsac-post-categories\"><ul class=\"wppsac-post-categories-list\"><li><a href=\"https:\/\/noagendamedia.io\/en\/category\/todas\/sociedad-es\/\">DIGITAL DISSIDENCE<\/a><\/li><\/ul><\/div>\r\n\t\t\t\r\n\t\t\t<h2 class=\"wppsac-post-title\">\r\n\t\t\t\t<a href=\"https:\/\/noagendamedia.io\/en\/2026\/01\/10\/disidencia-digital\/\">DIGITAL DISSIDENCE<\/a>\r\n\t\t\t<\/h2>\r\n\r\n\t\t\t\t\t\t<div class=\"wppsac-post-date\">\r\n\t\t\t\t\t\t\t\t\t<span>By Jack Noagenda<\/span>\r\n\t\t\t\t \/ January 10, 2026\t\t\t<\/div>\r\n\t\t\t\t\t\t<div class=\"wppsac-post-content\">\r\n\t\t\t\t<div class=\"wppsac-sub-content\">En un mundo de vigilancia constante, la tecnolog\u00eda es nuestra muralla. Privacidad, herramientas de encriptaci\u00f3n, blockchain como arma de libertad...<\/div>\r\n\t\t\t\t\r\n\t\t\t\t\t\t\t\t<a class=\"wppsac-readmorebtn\" href=\"https:\/\/noagendamedia.io\/en\/2026\/01\/10\/disidencia-digital\/\">Read More<\/a>\r\n\t\t\t\t\t\t\t<\/div>\r\n\t\t\t\t\t<\/div>\r\n\t\t<div class=\"wppsac-post-image-bg\">\r\n\t\t\t<a href=\"https:\/\/noagendamedia.io\/en\/2026\/01\/10\/disidencia-digital\/\">\r\n\t\t\t\t\t\t\t\t<img decoding=\"async\" class=\"wppsac-post-image\"  src=\"https:\/\/noagendamedia.io\/wp-content\/uploads\/2026\/01\/1000016067.png\" alt=\"DISIDENCIA DIGITAL\" \/>\r\n\t\t\t\t\t\t\t<\/a>\r\n\t\t<\/div>\r\n\t<\/div>\r\n<\/div><div class=\"wppsac-post-slides\">\r\n\t<div class=\"wppsac-post-content-position\">\r\n\t\t<div class=\"wppsac-post-content-left wp-medium-8 wpcolumns\">\r\n\t\t\t\t\t\t<div class=\"wppsac-post-categories\"><ul class=\"wppsac-post-categories-list\"><li><a href=\"https:\/\/noagendamedia.io\/en\/category\/todas\/ciencia-es\/\">SCIENCE<\/a><\/li><\/ul><\/div>\r\n\t\t\t\r\n\t\t\t<h2 class=\"wppsac-post-title\">\r\n\t\t\t\t<a href=\"https:\/\/noagendamedia.io\/en\/2026\/01\/10\/ciencia-y-bioetica\/\">SCIENCE AND BIOETHICS<\/a>\r\n\t\t\t<\/h2>\r\n\r\n\t\t\t\t\t\t<div class=\"wppsac-post-date\">\r\n\t\t\t\t\t\t\t\t\t<span>By Jack Noagenda<\/span>\r\n\t\t\t\t \/ January 10, 2026\t\t\t<\/div>\r\n\t\t\t\t\t\t<div class=\"wppsac-post-content\">\r\n\t\t\t\t<div class=\"wppsac-sub-content\">La ciencia sin \u00e9tica es simplemente una herramienta de ingenier\u00eda social. Analizamos los avances tecnol\u00f3gicos y m\u00e9dicos desde una perspectiva...<\/div>\r\n\t\t\t\t\r\n\t\t\t\t\t\t\t\t<a class=\"wppsac-readmorebtn\" href=\"https:\/\/noagendamedia.io\/en\/2026\/01\/10\/ciencia-y-bioetica\/\">Read More<\/a>\r\n\t\t\t\t\t\t\t<\/div>\r\n\t\t\t\t\t<\/div>\r\n\t\t<div class=\"wppsac-post-image-bg\">\r\n\t\t\t<a href=\"https:\/\/noagendamedia.io\/en\/2026\/01\/10\/ciencia-y-bioetica\/\">\r\n\t\t\t\t\t\t\t\t<img decoding=\"async\" class=\"wppsac-post-image\"  src=\"https:\/\/noagendamedia.io\/wp-content\/uploads\/2026\/01\/1000017811.png\" alt=\"CIENCIA Y BIO\u00c9TICA\" \/>\r\n\t\t\t\t\t\t\t<\/a>\r\n\t\t<\/div>\r\n\t<\/div>\r\n<\/div><div class=\"wppsac-post-slides\">\r\n\t<div class=\"wppsac-post-content-position\">\r\n\t\t<div class=\"wppsac-post-content-left wp-medium-8 wpcolumns\">\r\n\t\t\t\t\t\t<div class=\"wppsac-post-categories\"><ul class=\"wppsac-post-categories-list\"><li><a href=\"https:\/\/noagendamedia.io\/en\/category\/todas\/sociedad-es\/\">DIGITAL DISSIDENCE<\/a><\/li><li><a href=\"https:\/\/noagendamedia.io\/en\/category\/todas\/politica-es\/\">GEOSTRATEGY<\/a><\/li><li><a href=\"https:\/\/noagendamedia.io\/en\/category\/todas\/periodismo-es\/\">SOCIAL ENGINEERING<\/a><\/li><li><a href=\"https:\/\/noagendamedia.io\/en\/category\/todas\/\">ALL<\/a><\/li><\/ul><\/div>\r\n\t\t\t\r\n\t\t\t<h2 class=\"wppsac-post-title\">\r\n\t\t\t\t<a href=\"https:\/\/noagendamedia.io\/en\/2026\/01\/09\/noagenda-media-el-manifiesto\/\">NOAGENDA MEDIA: THE MANIFESTO.<\/a>\r\n\t\t\t<\/h2>\r\n\r\n\t\t\t\t\t\t<div class=\"wppsac-post-date\">\r\n\t\t\t\t\t\t\t\t\t<span>By Jack Noagenda<\/span>\r\n\t\t\t\t \/ January 9, 2026\t\t\t<\/div>\r\n\t\t\t\t\t\t<div class=\"wppsac-post-content\">\r\n\t\t\t\t<div class=\"wppsac-sub-content\">\"No somos parte de su agenda, somos la cr\u00f3nica de su fin\". 1 El Secuestro de la Narrativa. En la...<\/div>\r\n\t\t\t\t\r\n\t\t\t\t\t\t\t\t<a class=\"wppsac-readmorebtn\" href=\"https:\/\/noagendamedia.io\/en\/2026\/01\/09\/noagenda-media-el-manifiesto\/\">Read More<\/a>\r\n\t\t\t\t\t\t\t<\/div>\r\n\t\t\t\t\t<\/div>\r\n\t\t<div class=\"wppsac-post-image-bg\">\r\n\t\t\t<a href=\"https:\/\/noagendamedia.io\/en\/2026\/01\/09\/noagenda-media-el-manifiesto\/\">\r\n\t\t\t\t\t\t\t\t<img decoding=\"async\" class=\"wppsac-post-image\"  src=\"https:\/\/noagendamedia.io\/wp-content\/uploads\/2026\/01\/1000017826.png\" alt=\"NOAGENDA MEDIA: EL MANIFIESTO.\" \/>\r\n\t\t\t\t\t\t\t<\/a>\r\n\t\t<\/div>\r\n\t<\/div>\r\n<\/div>\t\t\t<\/div>\r\n\t\t<\/div>\r\n\t\n\n\n\n<p><\/p>\n\n\n\n<h4 class=\"wp-block-heading has-text-align-center\"><strong>$NOAGENDA INFORMATION<\/strong><\/h4>\n\n\n\n<p class=\"has-small-font-size\" style=\"margin-right:0px;margin-left:0px;padding-right:10px;padding-left:10px\"><strong>Contract:<\/strong> <a href=\"https:\/\/bscscan.com\/address\/0xE0470BA63B2847f9A04Ae8b4253b2f44943d0648\">0xE0470BA63B2847f9A04Ae8b4253b2f44943d0648<\/a><\/p>\n\n\n\n<p><\/p>\n\n\n\n<p><strong>White Paper download:<\/strong><\/p>\n\n\n\n<div class=\"wp-block-file\" style=\"padding-top:0;padding-bottom:0\"><a id=\"wp-block-file--media-1aff7324-8ee8-4009-952d-c70c68eca305\" href=\"https:\/\/noagendamedia.io\/wp-content\/uploads\/2026\/02\/NAWhitePaperSpanish-1.pdf\">WhitePaperSpanish<\/a><\/div>\n\n\n\n<div class=\"wp-block-file\"><a id=\"wp-block-file--media-94588be1-47a0-4ee4-b36d-0beea3dfdd1e\" href=\"https:\/\/noagendamedia.io\/wp-content\/uploads\/2026\/02\/NAWhitePaperEnglish.pdf\">WhitePaperEnglish<\/a><\/div>\n\n\n\n<p><\/p>","protected":false},"excerpt":{"rendered":"<p>PRESALE \/ PREVENTA $NOAGENDA PinkSale Launchpad \ud83d\ude80 Token $NOAGENDA \ud83d\udcc3 Vault Smart Contract \ud83d\udcc3 INFORMACION $NOAGENDA Contrato: 0xE0470BA63B2847f9A04Ae8b4253b2f44943d0648 White Paper download:<\/p>","protected":false},"author":1,"featured_media":0,"parent":0,"menu_order":0,"comment_status":"closed","ping_status":"closed","template":"","meta":{"footnotes":""},"class_list":["post-342","page","type-page","status-publish","hentry"],"_links":{"self":[{"href":"https:\/\/noagendamedia.io\/en\/wp-json\/wp\/v2\/pages\/342","targetHints":{"allow":["GET"]}}],"collection":[{"href":"https:\/\/noagendamedia.io\/en\/wp-json\/wp\/v2\/pages"}],"about":[{"href":"https:\/\/noagendamedia.io\/en\/wp-json\/wp\/v2\/types\/page"}],"author":[{"embeddable":true,"href":"https:\/\/noagendamedia.io\/en\/wp-json\/wp\/v2\/users\/1"}],"replies":[{"embeddable":true,"href":"https:\/\/noagendamedia.io\/en\/wp-json\/wp\/v2\/comments?post=342"}],"version-history":[{"count":18,"href":"https:\/\/noagendamedia.io\/en\/wp-json\/wp\/v2\/pages\/342\/revisions"}],"predecessor-version":[{"id":461,"href":"https:\/\/noagendamedia.io\/en\/wp-json\/wp\/v2\/pages\/342\/revisions\/461"}],"wp:attachment":[{"href":"https:\/\/noagendamedia.io\/en\/wp-json\/wp\/v2\/media?parent=342"}],"curies":[{"name":"wp","href":"https:\/\/api.w.org\/{rel}","templated":true}]}}